{"id":2,"date":"2023-08-28T05:47:43","date_gmt":"2023-08-28T05:47:43","guid":{"rendered":"http:\/\/box5127\/cgi\/addon_GT.cgi?s=GT::WP::Install::Cpanel+%28okinawc0%29+-+10.0.87.61+%5BWordpress%3b+\/var\/hp\/common\/lib\/Wordpress.pm%3b+534%3b+Hosting::gap_call%5D\/?page_id=2"},"modified":"2023-10-02T14:45:30","modified_gmt":"2023-10-02T05:45:30","slug":"chimugukuru-project","status":"publish","type":"page","link":"https:\/\/lahaina.opl.okinawan-migration.com\/es\/chimugukuru-project\/","title":{"rendered":"Organizaciones recaudando fondos"},"content":{"rendered":"<\/p>\n\n\n<h4 class=\"wp-block-heading\">Prefectura de Okinawa\uff1a<a href=\"https:\/\/sites.google.com\/hawaiikyokai.org\/home\/home\">Okinawa Hawai Kyokai (Asociaci\u00f3n Haw\u00e1i de Okinawa)<\/a><\/h4>\n\n\n\n<h4 class=\"wp-block-heading\">Haw\u00e1i\uff1a<a href=\"https:\/\/lahaina.opl.okinawan-migration.com\/huoas-yuimaaru-maui-fund\/\">Hawaii United Okinawa Association (Uni\u00f3n de Asociaciones Okinawenses de Haw\u00e1i)<\/a><\/h4>\n\n\n\n<p><\/p>\n\n\n\n<p><\/p>\n\n\n\n<p class=\"has-text-align-center\"><\/p>\n\n\n<p>","protected":false},"excerpt":{"rendered":"<p>Prefectura de Okinawa\uff1aOkinawa Hawai Kyokai (Asociaci\u00f3n Haw\u00e1i de Okinawa) Haw\u00e1i\uff1aHawaii United Okinawa Association (Uni\u00f3n de Asociaciones Okinawenses de Haw\u00e1i)<\/p>\n","protected":false},"author":1,"featured_media":0,"parent":0,"menu_order":0,"comment_status":"closed","ping_status":"open","template":"","meta":{"om_disable_all_campaigns":false,"_monsterinsights_skip_tracking":false,"_monsterinsights_sitenote_active":false,"_monsterinsights_sitenote_note":"","_monsterinsights_sitenote_category":0,"footnotes":""},"class_list":["post-2","page","type-page","status-publish","hentry"],"translation":{"provider":"WPGlobus","version":"2.12.2","language":"es","enabled_languages":["ja","en","es","br"],"languages":{"ja":{"title":true,"content":true,"excerpt":false},"en":{"title":true,"content":true,"excerpt":false},"es":{"title":true,"content":true,"excerpt":false},"br":{"title":true,"content":true,"excerpt":false}}},"yoast_head":"<!-- This site is optimized with the Yoast SEO plugin v27.5 - https:\/\/yoast.com\/product\/yoast-seo-wordpress\/ -->\n<title>Organizaciones recaudando fondos - Lahaina<\/title>\n<meta name=\"robots\" content=\"index, follow, max-snippet:-1, max-image-preview:large, max-video-preview:-1\" \/>\n<link rel=\"canonical\" href=\"https:\/\/lahaina.opl.okinawan-migration.com\/chimugukuru-project\/\" \/>\n<meta property=\"og:locale\" content=\"es_ES\" \/>\n<meta property=\"og:type\" content=\"article\" \/>\n<meta property=\"og:title\" content=\"Organizaciones recaudando fondos - Lahaina\" \/>\n<meta property=\"og:url\" content=\"https:\/\/lahaina.opl.okinawan-migration.com\/chimugukuru-project\/\" \/>\n<meta property=\"og:site_name\" content=\"Lahaina\" \/>\n<meta property=\"article:modified_time\" content=\"2023-10-02T05:45:30+00:00\" \/>\n<meta name=\"twitter:card\" content=\"summary_large_image\" \/>\n<meta name=\"twitter:label1\" content=\"Est. reading time\" \/>\n\t<meta name=\"twitter:data1\" content=\"2 minutes\" \/>\n<script type=\"application\/ld+json\" class=\"yoast-schema-graph\">{\"@context\":\"https:\\\/\\\/schema.org\",\"@graph\":[{\"@type\":\"WebPage\",\"@id\":\"https:\\\/\\\/lahaina.opl.okinawan-migration.com\\\/chimugukuru-project\\\/\",\"url\":\"https:\\\/\\\/lahaina.opl.okinawan-migration.com\\\/chimugukuru-project\\\/\",\"name\":\"Organizaciones recaudando fondos - Lahaina\",\"isPartOf\":{\"@id\":\"https:\\\/\\\/lahaina.opl.okinawan-migration.com\\\/#website\"},\"datePublished\":\"2023-08-28T05:47:43+00:00\",\"dateModified\":\"2023-10-02T05:45:30+00:00\",\"breadcrumb\":{\"@id\":\"https:\\\/\\\/lahaina.opl.okinawan-migration.com\\\/chimugukuru-project\\\/#breadcrumb\"},\"inLanguage\":\"es-ES\",\"potentialAction\":[{\"@type\":\"ReadAction\",\"target\":[\"https:\\\/\\\/lahaina.opl.okinawan-migration.com\\\/chimugukuru-project\\\/\"]}]},{\"@type\":\"BreadcrumbList\",\"@id\":\"https:\\\/\\\/lahaina.opl.okinawan-migration.com\\\/chimugukuru-project\\\/#breadcrumb\",\"itemListElement\":[{\"@type\":\"ListItem\",\"position\":1,\"name\":\"Home\",\"item\":\"https:\\\/\\\/lahaina.opl.okinawan-migration.com\\\/\"},{\"@type\":\"ListItem\",\"position\":2,\"name\":\"\u52df\u91d1\u56e3\u4f53\"}]},{\"@type\":\"WebSite\",\"@id\":\"https:\\\/\\\/lahaina.opl.okinawan-migration.com\\\/#website\",\"url\":\"https:\\\/\\\/lahaina.opl.okinawan-migration.com\\\/\",\"name\":\"Lahaina\",\"description\":\"Un pueblo en Maui donde se han establecido muchos Uchinanchu\",\"publisher\":{\"@id\":\"https:\\\/\\\/lahaina.opl.okinawan-migration.com\\\/#organization\"},\"potentialAction\":[{\"@type\":\"SearchAction\",\"target\":{\"@type\":\"EntryPoint\",\"urlTemplate\":\"https:\\\/\\\/lahaina.opl.okinawan-migration.com\\\/?s={search_term_string}\"},\"query-input\":{\"@type\":\"PropertyValueSpecification\",\"valueRequired\":true,\"valueName\":\"search_term_string\"}}],\"inLanguage\":\"es-ES\"},{\"@type\":\"Organization\",\"@id\":\"https:\\\/\\\/lahaina.opl.okinawan-migration.com\\\/#organization\",\"name\":\"Lahaina\",\"url\":\"https:\\\/\\\/lahaina.opl.okinawan-migration.com\\\/\",\"logo\":{\"@type\":\"ImageObject\",\"inLanguage\":\"es-ES\",\"@id\":\"https:\\\/\\\/lahaina.opl.okinawan-migration.com\\\/#\\\/schema\\\/logo\\\/image\\\/\",\"url\":\"https:\\\/\\\/lahaina.opl.okinawan-migration.com\\\/wp-content\\\/uploads\\\/2023\\\/08\\\/cropped-cropped-OPL_logo-1.png\",\"contentUrl\":\"https:\\\/\\\/lahaina.opl.okinawan-migration.com\\\/wp-content\\\/uploads\\\/2023\\\/08\\\/cropped-cropped-OPL_logo-1.png\",\"width\":400,\"height\":315,\"caption\":\"Lahaina\"},\"image\":{\"@id\":\"https:\\\/\\\/lahaina.opl.okinawan-migration.com\\\/#\\\/schema\\\/logo\\\/image\\\/\"}}]}<\/script>\n<!-- \/ Yoast SEO plugin. -->","yoast_head_json":{"title":"Organizaciones recaudando fondos - Lahaina","robots":{"index":"index","follow":"follow","max-snippet":"max-snippet:-1","max-image-preview":"max-image-preview:large","max-video-preview":"max-video-preview:-1"},"canonical":"https:\/\/lahaina.opl.okinawan-migration.com\/chimugukuru-project\/","og_locale":"es_ES","og_type":"article","og_title":"Organizaciones recaudando fondos - Lahaina","og_url":"https:\/\/lahaina.opl.okinawan-migration.com\/chimugukuru-project\/","og_site_name":"Lahaina","article_modified_time":"2023-10-02T05:45:30+00:00","twitter_card":"summary_large_image","twitter_misc":{"Est. reading time":"2 minutes"},"schema":{"@context":"https:\/\/schema.org","@graph":[{"@type":"WebPage","@id":"https:\/\/lahaina.opl.okinawan-migration.com\/chimugukuru-project\/","url":"https:\/\/lahaina.opl.okinawan-migration.com\/chimugukuru-project\/","name":"Organizaciones recaudando fondos - Lahaina","isPartOf":{"@id":"https:\/\/lahaina.opl.okinawan-migration.com\/#website"},"datePublished":"2023-08-28T05:47:43+00:00","dateModified":"2023-10-02T05:45:30+00:00","breadcrumb":{"@id":"https:\/\/lahaina.opl.okinawan-migration.com\/chimugukuru-project\/#breadcrumb"},"inLanguage":"es-ES","potentialAction":[{"@type":"ReadAction","target":["https:\/\/lahaina.opl.okinawan-migration.com\/chimugukuru-project\/"]}]},{"@type":"BreadcrumbList","@id":"https:\/\/lahaina.opl.okinawan-migration.com\/chimugukuru-project\/#breadcrumb","itemListElement":[{"@type":"ListItem","position":1,"name":"Home","item":"https:\/\/lahaina.opl.okinawan-migration.com\/"},{"@type":"ListItem","position":2,"name":"\u52df\u91d1\u56e3\u4f53"}]},{"@type":"WebSite","@id":"https:\/\/lahaina.opl.okinawan-migration.com\/#website","url":"https:\/\/lahaina.opl.okinawan-migration.com\/","name":"Lahaina","description":"Un pueblo en Maui donde se han establecido muchos Uchinanchu","publisher":{"@id":"https:\/\/lahaina.opl.okinawan-migration.com\/#organization"},"potentialAction":[{"@type":"SearchAction","target":{"@type":"EntryPoint","urlTemplate":"https:\/\/lahaina.opl.okinawan-migration.com\/?s={search_term_string}"},"query-input":{"@type":"PropertyValueSpecification","valueRequired":true,"valueName":"search_term_string"}}],"inLanguage":"es-ES"},{"@type":"Organization","@id":"https:\/\/lahaina.opl.okinawan-migration.com\/#organization","name":"Lahaina","url":"https:\/\/lahaina.opl.okinawan-migration.com\/","logo":{"@type":"ImageObject","inLanguage":"es-ES","@id":"https:\/\/lahaina.opl.okinawan-migration.com\/#\/schema\/logo\/image\/","url":"https:\/\/lahaina.opl.okinawan-migration.com\/wp-content\/uploads\/2023\/08\/cropped-cropped-OPL_logo-1.png","contentUrl":"https:\/\/lahaina.opl.okinawan-migration.com\/wp-content\/uploads\/2023\/08\/cropped-cropped-OPL_logo-1.png","width":400,"height":315,"caption":"Lahaina"},"image":{"@id":"https:\/\/lahaina.opl.okinawan-migration.com\/#\/schema\/logo\/image\/"}}]}},"jetpack_sharing_enabled":true,"_links":{"self":[{"href":"https:\/\/lahaina.opl.okinawan-migration.com\/es\/wp-json\/wp\/v2\/pages\/2","targetHints":{"allow":["GET"]}}],"collection":[{"href":"https:\/\/lahaina.opl.okinawan-migration.com\/es\/wp-json\/wp\/v2\/pages"}],"about":[{"href":"https:\/\/lahaina.opl.okinawan-migration.com\/es\/wp-json\/wp\/v2\/types\/page"}],"author":[{"embeddable":true,"href":"https:\/\/lahaina.opl.okinawan-migration.com\/es\/wp-json\/wp\/v2\/users\/1"}],"replies":[{"embeddable":true,"href":"https:\/\/lahaina.opl.okinawan-migration.com\/es\/wp-json\/wp\/v2\/comments?post=2"}],"version-history":[{"count":18,"href":"https:\/\/lahaina.opl.okinawan-migration.com\/es\/wp-json\/wp\/v2\/pages\/2\/revisions"}],"predecessor-version":[{"id":381,"href":"https:\/\/lahaina.opl.okinawan-migration.com\/es\/wp-json\/wp\/v2\/pages\/2\/revisions\/381"}],"wp:attachment":[{"href":"https:\/\/lahaina.opl.okinawan-migration.com\/es\/wp-json\/wp\/v2\/media?parent=2"}],"curies":[{"name":"wp","href":"https:\/\/api.w.org\/{rel}","templated":true}]}}